{"id":412,"date":"2025-12-07T20:11:37","date_gmt":"2025-12-07T20:11:37","guid":{"rendered":"https:\/\/soilsisters.group\/?page_id=412"},"modified":"2026-01-01T18:16:57","modified_gmt":"2026-01-01T18:16:57","slug":"nature-tech","status":"publish","type":"page","link":"https:\/\/soilsisters.group\/en\/nature-tech\/","title":{"rendered":"Nature Tech"},"content":{"rendered":"<div data-elementor-type=\"wp-page\" data-elementor-id=\"412\" class=\"elementor elementor-412\" data-elementor-post-type=\"page\">\n\t\t\t\t<div class=\"elementor-element elementor-element-bf6e05a e-flex e-con-boxed e-con e-parent\" data-id=\"bf6e05a\" data-element_type=\"container\" data-e-type=\"container\" data-settings=\"{&quot;background_background&quot;:&quot;classic&quot;}\">\n\t\t\t\t\t<div class=\"e-con-inner\">\n\t\t<div class=\"elementor-element elementor-element-2a107d3 e-con-full e-flex e-con e-child\" data-id=\"2a107d3\" data-element_type=\"container\" data-e-type=\"container\">\n\t\t\t\t<div class=\"elementor-element elementor-element-625f0b3 elementor-widget elementor-widget-heading\" data-id=\"625f0b3\" data-element_type=\"widget\" data-e-type=\"widget\" data-widget_type=\"heading.default\">\n\t\t\t\t\t<h1 class=\"elementor-heading-title elementor-size-default\">Nature \nTech Solutions<\/h1>\t\t\t\t<\/div>\n\t\t\t\t<\/div>\n\t\t\t\t\t<\/div>\n\t\t\t\t<\/div>\n\t\t<div class=\"elementor-element elementor-element-bc1ab94 e-flex e-con-boxed e-con e-parent\" data-id=\"bc1ab94\" data-element_type=\"container\" data-e-type=\"container\" data-settings=\"{&quot;background_background&quot;:&quot;classic&quot;}\">\n\t\t\t\t\t<div class=\"e-con-inner\">\n\t\t\t\t<div class=\"elementor-element elementor-element-89ffad8 elementor-widget__width-initial elementor-widget elementor-widget-text-editor\" data-id=\"89ffad8\" data-element_type=\"widget\" data-e-type=\"widget\" data-widget_type=\"text-editor.default\">\n\t\t\t\t\t\t\t\t\t<p>As naturepreneurs, the Soil Sisters facilitate investment, funding and distribution of climate- and biodiversity-friendly materials from regenerative farming through systemic collaborations with companies and system partners such as standards-setting bodies.&nbsp;<\/p><p>With our Farm-to-Venture app, farmers can record and document their activities and share them with other users.&nbsp;<\/p><p>This makes sustainable farming practices transparent, visible and traceable. Farmers can trade certificates with partner organisations, which reward them for their environmentally friendly practices. Once the transition is complete, certification is carried out in accordance with a recognised farming standard (IFOAM and ISEAL).<\/p>\t\t\t\t\t\t\t\t<\/div>\n\t\t\t\t\t<\/div>\n\t\t\t\t<\/div>\n\t\t<div class=\"elementor-element elementor-element-aaa5d49 e-flex e-con-boxed e-con e-parent\" data-id=\"aaa5d49\" data-element_type=\"container\" data-e-type=\"container\" data-settings=\"{&quot;background_background&quot;:&quot;classic&quot;}\">\n\t\t\t\t\t<div class=\"e-con-inner\">\n\t\t\t\t<div class=\"elementor-element elementor-element-ee3d587 elementor-widget elementor-widget-image\" data-id=\"ee3d587\" data-element_type=\"widget\" data-e-type=\"widget\" data-widget_type=\"image.default\">\n\t\t\t\t\t\t\t\t\t\t\t\t\t\t\t<img fetchpriority=\"high\" decoding=\"async\" width=\"1024\" height=\"683\" src=\"https:\/\/soilsisters.group\/wp-content\/uploads\/2025\/12\/JW_SOILSISTERS-03309-1024x683.jpg\" class=\"attachment-large size-large wp-image-391\" alt=\"Regina Profile\" srcset=\"https:\/\/soilsisters.group\/wp-content\/uploads\/2025\/12\/JW_SOILSISTERS-03309-1024x683.jpg 1024w, https:\/\/soilsisters.group\/wp-content\/uploads\/2025\/12\/JW_SOILSISTERS-03309-300x200.jpg 300w, https:\/\/soilsisters.group\/wp-content\/uploads\/2025\/12\/JW_SOILSISTERS-03309-768x512.jpg 768w, https:\/\/soilsisters.group\/wp-content\/uploads\/2025\/12\/JW_SOILSISTERS-03309-1536x1024.jpg 1536w, https:\/\/soilsisters.group\/wp-content\/uploads\/2025\/12\/JW_SOILSISTERS-03309-2048x1365.jpg 2048w\" sizes=\"(max-width: 1024px) 100vw, 1024px\" \/>\t\t\t\t\t\t\t\t\t\t\t\t\t\t\t<\/div>\n\t\t\t\t<div class=\"elementor-element elementor-element-76e4b5b elementor-widget elementor-widget-text-editor\" data-id=\"76e4b5b\" data-element_type=\"widget\" data-e-type=\"widget\" data-widget_type=\"text-editor.default\">\n\t\t\t\t\t\t\t\t\t<strong>\u201cFertile soils, pollination services, water supply and agrobiodiversity are crucial to long-term productivity and economic sustainability.\u201d \u2013 Regina Kallfelz<\/strong>\t\t\t\t\t\t\t\t<\/div>\n\t\t\t\t\t<\/div>\n\t\t\t\t<\/div>\n\t\t<div class=\"elementor-element elementor-element-4b0c865 e-flex e-con-boxed e-con e-parent\" data-id=\"4b0c865\" data-element_type=\"container\" data-e-type=\"container\" data-settings=\"{&quot;background_background&quot;:&quot;classic&quot;}\">\n\t\t\t\t\t<div class=\"e-con-inner\">\n\t\t\t\t<div class=\"elementor-element elementor-element-721ee47 elementor-widget elementor-widget-heading\" data-id=\"721ee47\" data-element_type=\"widget\" data-e-type=\"widget\" data-widget_type=\"heading.default\">\n\t\t\t\t\t<h2 class=\"elementor-heading-title elementor-size-default\">Nature tech for natural fibre cultivation<\/h2>\t\t\t\t<\/div>\n\t\t\t\t\t<\/div>\n\t\t\t\t<\/div>\n\t\t<div class=\"elementor-element elementor-element-c2c6f87 e-flex e-con-boxed e-con e-parent\" data-id=\"c2c6f87\" data-element_type=\"container\" data-e-type=\"container\" data-settings=\"{&quot;background_background&quot;:&quot;classic&quot;}\">\n\t\t\t\t\t<div class=\"e-con-inner\">\n\t\t<div class=\"elementor-element elementor-element-b506e20 e-con-full e-flex e-con e-child\" data-id=\"b506e20\" data-element_type=\"container\" data-e-type=\"container\" data-settings=\"{&quot;background_background&quot;:&quot;classic&quot;}\">\n\t\t\t\t<div class=\"elementor-element elementor-element-636a1ec elementor-widget elementor-widget-image\" data-id=\"636a1ec\" data-element_type=\"widget\" data-e-type=\"widget\" data-widget_type=\"image.default\">\n\t\t\t\t\t\t\t\t\t\t\t\t\t\t\t<img decoding=\"async\" width=\"2048\" height=\"2048\" src=\"https:\/\/soilsisters.group\/wp-content\/uploads\/2025\/12\/satellit-uber-baumwollfeld-und-datengraffik.jpg\" class=\"attachment-full size-full wp-image-509\" alt=\"satellit u\u0308ber baumwollfeld und datengraffik\" srcset=\"https:\/\/soilsisters.group\/wp-content\/uploads\/2025\/12\/satellit-uber-baumwollfeld-und-datengraffik.jpg 2048w, https:\/\/soilsisters.group\/wp-content\/uploads\/2025\/12\/satellit-uber-baumwollfeld-und-datengraffik-300x300.jpg 300w, https:\/\/soilsisters.group\/wp-content\/uploads\/2025\/12\/satellit-uber-baumwollfeld-und-datengraffik-1024x1024.jpg 1024w, https:\/\/soilsisters.group\/wp-content\/uploads\/2025\/12\/satellit-uber-baumwollfeld-und-datengraffik-150x150.jpg 150w, https:\/\/soilsisters.group\/wp-content\/uploads\/2025\/12\/satellit-uber-baumwollfeld-und-datengraffik-768x768.jpg 768w, https:\/\/soilsisters.group\/wp-content\/uploads\/2025\/12\/satellit-uber-baumwollfeld-und-datengraffik-1536x1536.jpg 1536w\" sizes=\"(max-width: 2048px) 100vw, 2048px\" \/>\t\t\t\t\t\t\t\t\t\t\t\t\t\t\t<\/div>\n\t\t<div class=\"elementor-element elementor-element-f2cf907 e-con-full e-flex e-con e-child\" data-id=\"f2cf907\" data-element_type=\"container\" data-e-type=\"container\">\n\t\t\t\t<div class=\"elementor-element elementor-element-40b9021 elementor-widget elementor-widget-text-editor\" data-id=\"40b9021\" data-element_type=\"widget\" data-e-type=\"widget\" data-widget_type=\"text-editor.default\">\n\t\t\t\t\t\t\t\t\tWe make Nature Tech easier to use, with a user-centred approach\t\t\t\t\t\t\t\t<\/div>\n\t\t\t\t<div class=\"elementor-element elementor-element-2017a14 elementor-widget__width-initial elementor-widget elementor-widget-text-editor\" data-id=\"2017a14\" data-element_type=\"widget\" data-e-type=\"widget\" data-widget_type=\"text-editor.default\">\n\t\t\t\t\t\t\t\t\t<p>Our understanding of the environmental impact of textile production is becoming increasingly accurate thanks to improved processes and measurement methods: around 70% of the environmental impact arises at the stage of raw material extraction and production. Cotton cultivation accounts for around 15% of the world\u2019s arable land. Added to this are areas used for livestock farming to produce wool, hides and leather, as well as forest areas where raw materials for cellulose fibres are grown. The nature-positive management of these vast quantities holds enormous potential, which we are demonstrating with our technology.\u00a0<\/p>\t\t\t\t\t\t\t\t<\/div>\n\t\t\t\t<\/div>\n\t\t\t\t<\/div>\n\t\t<div class=\"elementor-element elementor-element-4c5f53a e-con-full e-flex e-con e-child\" data-id=\"4c5f53a\" data-element_type=\"container\" data-e-type=\"container\" data-settings=\"{&quot;background_background&quot;:&quot;classic&quot;}\">\n\t\t\t\t<div class=\"elementor-element elementor-element-375bd6e elementor-widget elementor-widget-image\" data-id=\"375bd6e\" data-element_type=\"widget\" data-e-type=\"widget\" data-widget_type=\"image.default\">\n\t\t\t\t\t\t\t\t\t\t\t\t\t\t\t<img decoding=\"async\" width=\"2048\" height=\"2048\" src=\"https:\/\/soilsisters.group\/wp-content\/uploads\/2025\/12\/chart-nature-data-cotton-field.jpg\" class=\"attachment-full size-full wp-image-505\" alt=\"chart nature data cotton field\" srcset=\"https:\/\/soilsisters.group\/wp-content\/uploads\/2025\/12\/chart-nature-data-cotton-field.jpg 2048w, https:\/\/soilsisters.group\/wp-content\/uploads\/2025\/12\/chart-nature-data-cotton-field-300x300.jpg 300w, https:\/\/soilsisters.group\/wp-content\/uploads\/2025\/12\/chart-nature-data-cotton-field-1024x1024.jpg 1024w, https:\/\/soilsisters.group\/wp-content\/uploads\/2025\/12\/chart-nature-data-cotton-field-150x150.jpg 150w, https:\/\/soilsisters.group\/wp-content\/uploads\/2025\/12\/chart-nature-data-cotton-field-768x768.jpg 768w, https:\/\/soilsisters.group\/wp-content\/uploads\/2025\/12\/chart-nature-data-cotton-field-1536x1536.jpg 1536w\" sizes=\"(max-width: 2048px) 100vw, 2048px\" \/>\t\t\t\t\t\t\t\t\t\t\t\t\t\t\t<\/div>\n\t\t<div class=\"elementor-element elementor-element-e59f74d e-con-full e-flex e-con e-child\" data-id=\"e59f74d\" data-element_type=\"container\" data-e-type=\"container\">\n\t\t\t\t<div class=\"elementor-element elementor-element-81d050f elementor-widget elementor-widget-text-editor\" data-id=\"81d050f\" data-element_type=\"widget\" data-e-type=\"widget\" data-widget_type=\"text-editor.default\">\n\t\t\t\t\t\t\t\t\t70% of the loss of soil biodiversity is caused by intensive farming\t\t\t\t\t\t\t\t<\/div>\n\t\t\t\t<div class=\"elementor-element elementor-element-4169be2 elementor-widget elementor-widget-text-editor\" data-id=\"4169be2\" data-element_type=\"widget\" data-e-type=\"widget\" data-widget_type=\"text-editor.default\">\n\t\t\t\t\t\t\t\t\t<p>Our software for evaluating ecosystem services is trained on plantations dedicated to the cultivation of natural fibres and follows the algorithm set out in the standards for regenerative farming methods. The open-source application is used by farmers, project developers and buyers alike.\u00a0<\/p>\t\t\t\t\t\t\t\t<\/div>\n\t\t\t\t<\/div>\n\t\t\t\t<\/div>\n\t\t\t\t\t<\/div>\n\t\t\t\t<\/div>\n\t\t<div class=\"elementor-element elementor-element-a878dea e-flex e-con-boxed e-con e-parent\" data-id=\"a878dea\" data-element_type=\"container\" data-e-type=\"container\" data-settings=\"{&quot;background_background&quot;:&quot;classic&quot;}\">\n\t\t\t\t\t<div class=\"e-con-inner\">\n\t\t\t\t<div class=\"elementor-element elementor-element-0f4cefe elementor-widget elementor-widget-heading\" data-id=\"0f4cefe\" data-element_type=\"widget\" data-e-type=\"widget\" data-widget_type=\"heading.default\">\n\t\t\t\t\t<h2 class=\"elementor-heading-title elementor-size-default\">Software development<\/h2>\t\t\t\t<\/div>\n\t\t<div class=\"elementor-element elementor-element-83af137 e-con-full e-flex e-con e-child\" data-id=\"83af137\" data-element_type=\"container\" data-e-type=\"container\">\n\t\t\t\t<div class=\"elementor-element elementor-element-b3f3c08 elementor-widget__width-initial elementor-widget-mobile__width-initial elementor-widget elementor-widget-image\" data-id=\"b3f3c08\" data-element_type=\"widget\" data-e-type=\"widget\" data-widget_type=\"image.default\">\n\t\t\t\t\t\t\t\t\t\t\t\t\t\t\t<img decoding=\"async\" src=\"https:\/\/images.unsplash.com\/photo-1626354511623-1710258738d1?q=80&#038;w=2274&#038;auto=format&#038;fit=crop&#038;ixlib=rb-4.1.0&#038;ixid=M3wxMjA3fDB8MHxwaG90by1wYWdlfHx8fGVufDB8fHx8fA%3D%3D\" title=\"\" alt=\"Drone Identification\" loading=\"lazy\" \/>\t\t\t\t\t\t\t\t\t\t\t\t\t\t\t<\/div>\n\t\t<div class=\"elementor-element elementor-element-68053ae e-con-full e-flex e-con e-child\" data-id=\"68053ae\" data-element_type=\"container\" data-e-type=\"container\">\n\t\t\t\t<div class=\"elementor-element elementor-element-f92d075 elementor-widget elementor-widget-text-editor\" data-id=\"f92d075\" data-element_type=\"widget\" data-e-type=\"widget\" data-widget_type=\"text-editor.default\">\n\t\t\t\t\t\t\t\t\t<p><strong>Identification of areas<\/strong><\/p><p>Identification of plantations suitable for conversion. To this end, we collect the following data:<\/p><ul><li>Yield data<\/li><li>Calculation of current CO2 emissions<\/li><li>Calculation of the current biodiversity value<\/li><\/ul>\t\t\t\t\t\t\t\t<\/div>\n\t\t\t\t<\/div>\n\t\t\t\t<\/div>\n\t\t<div class=\"elementor-element elementor-element-a5b751c e-con-full e-flex e-con e-child\" data-id=\"a5b751c\" data-element_type=\"container\" data-e-type=\"container\">\n\t\t\t\t<div class=\"elementor-element elementor-element-acdec0e elementor-widget__width-initial elementor-widget elementor-widget-image\" data-id=\"acdec0e\" data-element_type=\"widget\" data-e-type=\"widget\" data-widget_type=\"image.default\">\n\t\t\t\t\t\t\t\t\t\t\t\t\t\t\t<img loading=\"lazy\" decoding=\"async\" width=\"1024\" height=\"1024\" src=\"https:\/\/soilsisters.group\/wp-content\/uploads\/2025\/12\/nature-tech-Bild-von-Person-von-hinten-auf-einer-baumwollplantage.-die-Person-soll-ein-Handy-in-der-Hand-halten-und-am-Rand-des-Feldes-stehen.-Querformat-1024x1024.jpg\" class=\"attachment-large size-large wp-image-520\" alt=\"\" srcset=\"https:\/\/soilsisters.group\/wp-content\/uploads\/2025\/12\/nature-tech-Bild-von-Person-von-hinten-auf-einer-baumwollplantage.-die-Person-soll-ein-Handy-in-der-Hand-halten-und-am-Rand-des-Feldes-stehen.-Querformat-1024x1024.jpg 1024w, https:\/\/soilsisters.group\/wp-content\/uploads\/2025\/12\/nature-tech-Bild-von-Person-von-hinten-auf-einer-baumwollplantage.-die-Person-soll-ein-Handy-in-der-Hand-halten-und-am-Rand-des-Feldes-stehen.-Querformat-300x300.jpg 300w, https:\/\/soilsisters.group\/wp-content\/uploads\/2025\/12\/nature-tech-Bild-von-Person-von-hinten-auf-einer-baumwollplantage.-die-Person-soll-ein-Handy-in-der-Hand-halten-und-am-Rand-des-Feldes-stehen.-Querformat-150x150.jpg 150w, https:\/\/soilsisters.group\/wp-content\/uploads\/2025\/12\/nature-tech-Bild-von-Person-von-hinten-auf-einer-baumwollplantage.-die-Person-soll-ein-Handy-in-der-Hand-halten-und-am-Rand-des-Feldes-stehen.-Querformat-768x768.jpg 768w, https:\/\/soilsisters.group\/wp-content\/uploads\/2025\/12\/nature-tech-Bild-von-Person-von-hinten-auf-einer-baumwollplantage.-die-Person-soll-ein-Handy-in-der-Hand-halten-und-am-Rand-des-Feldes-stehen.-Querformat-1536x1536.jpg 1536w, https:\/\/soilsisters.group\/wp-content\/uploads\/2025\/12\/nature-tech-Bild-von-Person-von-hinten-auf-einer-baumwollplantage.-die-Person-soll-ein-Handy-in-der-Hand-halten-und-am-Rand-des-Feldes-stehen.-Querformat-2048x2048.jpg 2048w\" sizes=\"(max-width: 1024px) 100vw, 1024px\" \/>\t\t\t\t\t\t\t\t\t\t\t\t\t\t\t<\/div>\n\t\t<div class=\"elementor-element elementor-element-434b9a4 e-con-full e-flex e-con e-child\" data-id=\"434b9a4\" data-element_type=\"container\" data-e-type=\"container\">\n\t\t\t\t<div class=\"elementor-element elementor-element-e59a9cc elementor-widget elementor-widget-text-editor\" data-id=\"e59a9cc\" data-element_type=\"widget\" data-e-type=\"widget\" data-widget_type=\"text-editor.default\">\n\t\t\t\t\t\t\t\t\t<p><strong>Soil samples and GPS data<\/strong><\/p><p>Our partners carry out an on-site soil sampling and record the GPS coordinates. We then collect the following data:<\/p><ul><li>Yield data<\/li><li>Calculation of current CO2 emissions<\/li><li>Calculation of the current biodiversity value<\/li><\/ul><p><strong>Farmers enter data into the system<\/strong><\/p><ul><li>Project kick-off questionnaire<\/li><li>Photo documentation<\/li><\/ul>\t\t\t\t\t\t\t\t<\/div>\n\t\t\t\t<\/div>\n\t\t\t\t<\/div>\n\t\t<div class=\"elementor-element elementor-element-07a7e63 e-con-full e-flex e-con e-child\" data-id=\"07a7e63\" data-element_type=\"container\" data-e-type=\"container\">\n\t\t\t\t<div class=\"elementor-element elementor-element-0af3091 elementor-widget__width-initial elementor-widget elementor-widget-text-editor\" data-id=\"0af3091\" data-element_type=\"widget\" data-e-type=\"widget\" data-widget_type=\"text-editor.default\">\n\t\t\t\t\t\t\t\t\t<p>Please note: This project overview is provided for information purposes only. It is a non-binding presentation of current plans, concepts and budget estimates. Subject to change. Any services, prices and timelines included are provided without guarantee. Please obtain written permission from the copyright holder before reproducing or using any parts of this document.<\/p>\t\t\t\t\t\t\t\t<\/div>\n\t\t\t\t<div class=\"elementor-element elementor-element-4179c06 elementor-widget elementor-widget-button\" data-id=\"4179c06\" data-element_type=\"widget\" data-e-type=\"widget\" data-widget_type=\"button.default\">\n\t\t\t\t\t\t\t\t\t\t<a class=\"elementor-button elementor-button-link elementor-size-sm\" href=\"#\">\n\t\t\t\t\t\t<span class=\"elementor-button-content-wrapper\">\n\t\t\t\t\t\t<span class=\"elementor-button-icon\">\n\t\t\t\t<svg aria-hidden=\"true\" class=\"e-font-icon-svg e-fas-arrow-right\" viewbox=\"0 0 448 512\" xmlns=\"http:\/\/www.w3.org\/2000\/svg\"><path d=\"M190.5 66.9l22.2-22.2c9.4-9.4 24.6-9.4 33.9 0L441 239c9.4 9.4 9.4 24.6 0 33.9L246.6 467.3c-9.4 9.4-24.6 9.4-33.9 0l-22.2-22.2c-9.5-9.5-9.3-25 .4-34.3L311.4 296H24c-13.3 0-24-10.7-24-24v-32c0-13.3 10.7-24 24-24h287.4L190.9 101.2c-9.8-9.3-10-24.8-.4-34.3z\"><\/path><\/svg>\t\t\t<\/span>\n\t\t\t\t\t\t\t\t\t<span class=\"elementor-button-text\">Download project proposal<\/span>\n\t\t\t\t\t<\/span>\n\t\t\t\t\t<\/a>\n\t\t\t\t\t\t\t\t<\/div>\n\t\t\t\t<\/div>\n\t\t\t\t\t<\/div>\n\t\t\t\t<\/div>\n\t\t\t\t<\/div>","protected":false},"excerpt":{"rendered":"<p>Nature Tech Solutions Als Naturepreneur erm\u00f6glichen die Soil Sisters \u00fcber systemischen Kooperationen Investitionen, F\u00f6rderung und Vertrieb von klima- und biodiversit\u00e4tsfreundlichen [&hellip;]<\/p>\n","protected":false},"author":1,"featured_media":0,"parent":0,"menu_order":0,"comment_status":"closed","ping_status":"closed","template":"","meta":{"site-sidebar-layout":"no-sidebar","site-content-layout":"","ast-site-content-layout":"full-width-container","site-content-style":"default","site-sidebar-style":"default","ast-global-header-display":"","ast-banner-title-visibility":"","ast-main-header-display":"","ast-hfb-above-header-display":"","ast-hfb-below-header-display":"","ast-hfb-mobile-header-display":"","site-post-title":"disabled","ast-breadcrumbs-content":"","ast-featured-img":"disabled","footer-sml-layout":"","ast-disable-related-posts":"","theme-transparent-header-meta":"","adv-header-id-meta":"","stick-header-meta":"","header-above-stick-meta":"","header-main-stick-meta":"","header-below-stick-meta":"","astra-migrate-meta-layouts":"default","ast-page-background-enabled":"default","ast-page-background-meta":{"desktop":{"background-color":"var(--ast-global-color-5)","background-image":"","background-repeat":"repeat","background-position":"center center","background-size":"auto","background-attachment":"scroll","background-type":"","background-media":"","overlay-type":"","overlay-color":"","overlay-opacity":"","overlay-gradient":""},"tablet":{"background-color":"","background-image":"","background-repeat":"repeat","background-position":"center center","background-size":"auto","background-attachment":"scroll","background-type":"","background-media":"","overlay-type":"","overlay-color":"","overlay-opacity":"","overlay-gradient":""},"mobile":{"background-color":"","background-image":"","background-repeat":"repeat","background-position":"center center","background-size":"auto","background-attachment":"scroll","background-type":"","background-media":"","overlay-type":"","overlay-color":"","overlay-opacity":"","overlay-gradient":""}},"ast-content-background-meta":{"desktop":{"background-color":"var(--ast-global-color-4)","background-image":"","background-repeat":"repeat","background-position":"center center","background-size":"auto","background-attachment":"scroll","background-type":"","background-media":"","overlay-type":"","overlay-color":"","overlay-opacity":"","overlay-gradient":""},"tablet":{"background-color":"var(--ast-global-color-4)","background-image":"","background-repeat":"repeat","background-position":"center center","background-size":"auto","background-attachment":"scroll","background-type":"","background-media":"","overlay-type":"","overlay-color":"","overlay-opacity":"","overlay-gradient":""},"mobile":{"background-color":"var(--ast-global-color-4)","background-image":"","background-repeat":"repeat","background-position":"center center","background-size":"auto","background-attachment":"scroll","background-type":"","background-media":"","overlay-type":"","overlay-color":"","overlay-opacity":"","overlay-gradient":""}},"footnotes":""},"class_list":["post-412","page","type-page","status-publish","hentry"],"aioseo_notices":[],"_links":{"self":[{"href":"https:\/\/soilsisters.group\/en\/wp-json\/wp\/v2\/pages\/412","targetHints":{"allow":["GET"]}}],"collection":[{"href":"https:\/\/soilsisters.group\/en\/wp-json\/wp\/v2\/pages"}],"about":[{"href":"https:\/\/soilsisters.group\/en\/wp-json\/wp\/v2\/types\/page"}],"author":[{"embeddable":true,"href":"https:\/\/soilsisters.group\/en\/wp-json\/wp\/v2\/users\/1"}],"replies":[{"embeddable":true,"href":"https:\/\/soilsisters.group\/en\/wp-json\/wp\/v2\/comments?post=412"}],"version-history":[{"count":31,"href":"https:\/\/soilsisters.group\/en\/wp-json\/wp\/v2\/pages\/412\/revisions"}],"predecessor-version":[{"id":878,"href":"https:\/\/soilsisters.group\/en\/wp-json\/wp\/v2\/pages\/412\/revisions\/878"}],"wp:attachment":[{"href":"https:\/\/soilsisters.group\/en\/wp-json\/wp\/v2\/media?parent=412"}],"curies":[{"name":"wp","href":"https:\/\/api.w.org\/{rel}","templated":true}]}}