{"id":448,"date":"2025-12-07T21:06:13","date_gmt":"2025-12-07T21:06:13","guid":{"rendered":"https:\/\/soilsisters.group\/?page_id=448"},"modified":"2026-01-26T15:56:01","modified_gmt":"2026-01-26T15:56:01","slug":"blog","status":"publish","type":"page","link":"https:\/\/soilsisters.group\/en\/blog\/","title":{"rendered":"Blog"},"content":{"rendered":"<div data-elementor-type=\"wp-page\" data-elementor-id=\"448\" class=\"elementor elementor-448\" data-elementor-post-type=\"page\">\n\t\t\t\t<div class=\"elementor-element elementor-element-bf6e05a e-flex e-con-boxed e-con e-parent\" data-id=\"bf6e05a\" data-element_type=\"container\" data-e-type=\"container\" data-settings=\"{&quot;background_background&quot;:&quot;classic&quot;}\">\n\t\t\t\t\t<div class=\"e-con-inner\">\n\t\t<div class=\"elementor-element elementor-element-2a107d3 e-con-full e-flex e-con e-child\" data-id=\"2a107d3\" data-element_type=\"container\" data-e-type=\"container\">\n\t\t\t\t<div class=\"elementor-element elementor-element-625f0b3 elementor-widget elementor-widget-heading\" data-id=\"625f0b3\" data-element_type=\"widget\" data-e-type=\"widget\" data-widget_type=\"heading.default\">\n\t\t\t\t\t<h2 class=\"elementor-heading-title elementor-size-default\">Our blog<\/h2>\t\t\t\t<\/div>\n\t\t\t\t<\/div>\n\t\t\t\t\t<\/div>\n\t\t\t\t<\/div>\n\t\t<div class=\"elementor-element elementor-element-bc1ab94 e-flex e-con-boxed e-con e-parent\" data-id=\"bc1ab94\" data-element_type=\"container\" data-e-type=\"container\">\n\t\t\t\t\t<div class=\"e-con-inner\">\n\t\t\t\t<div class=\"elementor-element elementor-element-89ffad8 elementor-widget__width-initial elementor-widget-mobile__width-initial elementor-widget elementor-widget-text-editor\" data-id=\"89ffad8\" data-element_type=\"widget\" data-e-type=\"widget\" data-widget_type=\"text-editor.default\">\n\t\t\t\t\t\t\t\t\t<p>Welcome to our blog. Discover what drives us \u2013 from cotton fields and biochar projects to sisterhood!<\/p>\t\t\t\t\t\t\t\t<\/div>\n\t\t\t\t\t<\/div>\n\t\t\t\t<\/div>\n\t\t<div class=\"elementor-element elementor-element-b9e8e66 e-flex e-con-boxed e-con e-parent\" data-id=\"b9e8e66\" data-element_type=\"container\" data-e-type=\"container\" data-settings=\"{&quot;background_background&quot;:&quot;classic&quot;}\">\n\t\t\t\t\t<div class=\"e-con-inner\">\n\t\t\t\t<div class=\"elementor-element elementor-element-df00d04 elementor-grid-3 elementor-grid-tablet-2 elementor-grid-mobile-1 elementor-posts--thumbnail-top elementor-widget elementor-widget-posts\" data-id=\"df00d04\" data-element_type=\"widget\" data-e-type=\"widget\" data-settings=\"{&quot;classic_columns&quot;:&quot;3&quot;,&quot;classic_columns_tablet&quot;:&quot;2&quot;,&quot;classic_columns_mobile&quot;:&quot;1&quot;,&quot;classic_row_gap&quot;:{&quot;unit&quot;:&quot;px&quot;,&quot;size&quot;:35,&quot;sizes&quot;:[]},&quot;classic_row_gap_tablet&quot;:{&quot;unit&quot;:&quot;px&quot;,&quot;size&quot;:&quot;&quot;,&quot;sizes&quot;:[]},&quot;classic_row_gap_mobile&quot;:{&quot;unit&quot;:&quot;px&quot;,&quot;size&quot;:&quot;&quot;,&quot;sizes&quot;:[]}}\" data-widget_type=\"posts.classic\">\n\t\t\t\t<div class=\"elementor-widget-container\">\n\t\t\t\t\t\t\t<div class=\"elementor-posts-container elementor-posts elementor-posts--skin-classic elementor-grid\" role=\"list\">\n\t\t\t\t<article class=\"elementor-post elementor-grid-item post-928 post type-post status-publish format-standard hentry category-uncategorized\" role=\"listitem\">\n\t\t\t\t<div class=\"elementor-post__text\">\n\t\t\t\t<h3 class=\"elementor-post__title\">\n\t\t\t<a href=\"https:\/\/soilsisters.group\/en\/pflanzenkohle-biochar-im-baumwoll-anbau-einblicke-in-die-anwendung-einer-naturbasierten-losung-fur-gesundere-boden-und-ertragreiche-flachen\/\" >\n\t\t\t\tBiochar in cotton cultivation: insights into the use of a nature-based solution for healthier soils and higher yields\t\t\t<\/a>\n\t\t<\/h3>\n\t\t\t\t<div class=\"elementor-post__meta-data\">\n\t\t\t\t\t<span class=\"elementor-post-author\">\n\t\t\tSoilsisters.Group\t\t<\/span>\n\t\t\t\t<span class=\"elementor-post-date\">\n\t\t\tApril 28, 2026\t\t<\/span>\n\t\t\t\t<\/div>\n\t\t\t\t<div class=\"elementor-post__excerpt\">\n\t\t\t<p>Anyone who, like the Soil Sisters, is exploring how agricultural systems can be transformed to strengthen communities, make supply chains more resilient and protect nature will, sooner or later, come across biochar. In today\u2019s blog post, our guest author Inka Sachse examines the technical aspects of how biochar works and offers important expert tips for its practical application by smallholders.<\/p>\n\t\t<\/div>\n\t\t\n\t\t<a class=\"elementor-post__read-more\" href=\"https:\/\/soilsisters.group\/en\/pflanzenkohle-biochar-im-baumwoll-anbau-einblicke-in-die-anwendung-einer-naturbasierten-losung-fur-gesundere-boden-und-ertragreiche-flachen\/\" aria-label=\"Read more about Pflanzenkohle (Biochar) im Baumwoll-Anbau: Einblicke in die Anwendung einer naturbasierten L\u00f6sung f\u00fcr ges\u00fcndere B\u00f6den und ertragreiche Fl\u00e4chen\" tabindex=\"-1\" >\n\t\t\tRead more\t\t<\/a>\n\n\t\t\t\t<\/div>\n\t\t\t\t<\/article>\n\t\t\t\t<article class=\"elementor-post elementor-grid-item post-907 post type-post status-publish format-standard has-post-thumbnail hentry category-co-creation category-marketing-sales\" role=\"listitem\">\n\t\t\t\t<a class=\"elementor-post__thumbnail__link\" href=\"https:\/\/soilsisters.group\/en\/become-a-case-study-partner\/\" tabindex=\"-1\" >\n\t\t\t<div class=\"elementor-post__thumbnail\"><img fetchpriority=\"high\" decoding=\"async\" width=\"300\" height=\"169\" src=\"https:\/\/soilsisters.group\/wp-content\/uploads\/2026\/01\/Cover-invitation-300x169.jpg\" class=\"attachment-medium size-medium wp-image-921\" alt=\"\" srcset=\"https:\/\/soilsisters.group\/wp-content\/uploads\/2026\/01\/Cover-invitation-300x169.jpg 300w, https:\/\/soilsisters.group\/wp-content\/uploads\/2026\/01\/Cover-invitation-1024x576.jpg 1024w, https:\/\/soilsisters.group\/wp-content\/uploads\/2026\/01\/Cover-invitation-768x432.jpg 768w, https:\/\/soilsisters.group\/wp-content\/uploads\/2026\/01\/Cover-invitation-1536x864.jpg 1536w, https:\/\/soilsisters.group\/wp-content\/uploads\/2026\/01\/Cover-invitation.jpg 1920w\" sizes=\"(max-width: 300px) 100vw, 300px\" \/><\/div>\n\t\t<\/a>\n\t\t\t\t<div class=\"elementor-post__text\">\n\t\t\t\t<h3 class=\"elementor-post__title\">\n\t\t\t<a href=\"https:\/\/soilsisters.group\/en\/become-a-case-study-partner\/\" >\n\t\t\t\tBecome a Case Study Partner\t\t\t<\/a>\n\t\t<\/h3>\n\t\t\t\t<div class=\"elementor-post__meta-data\">\n\t\t\t\t\t<span class=\"elementor-post-author\">\n\t\t\tSoilsisters.Group\t\t<\/span>\n\t\t\t\t<span class=\"elementor-post-date\">\n\t\t\tJanuary 26, 2026\t\t<\/span>\n\t\t\t\t<\/div>\n\t\t\t\t<div class=\"elementor-post__excerpt\">\n\t\t\t<p>Invitation to co-create<br \/>\nEVE Solutions &#038; Soil Sisters Group.<br \/>\nThe reality we see: Farmers are the backbone of the textile industry, yet often bear climate risk alone.<\/p>\n\t\t<\/div>\n\t\t\n\t\t<a class=\"elementor-post__read-more\" href=\"https:\/\/soilsisters.group\/en\/become-a-case-study-partner\/\" aria-label=\"Read more about Become a Case Study Partner\" tabindex=\"-1\" >\n\t\t\tRead more\t\t<\/a>\n\n\t\t\t\t<\/div>\n\t\t\t\t<\/article>\n\t\t\t\t<article class=\"elementor-post elementor-grid-item post-838 post type-post status-publish format-standard has-post-thumbnail hentry category-uncategorized\" role=\"listitem\">\n\t\t\t\t<a class=\"elementor-post__thumbnail__link\" href=\"https:\/\/soilsisters.group\/en\/bald-schoen-und-bunt-ja-das-geht-ueber-potenzial-des-regenerativer-naturfaseranbaus\/\" tabindex=\"-1\" >\n\t\t\t<div class=\"elementor-post__thumbnail\"><img decoding=\"async\" width=\"300\" height=\"192\" src=\"https:\/\/soilsisters.group\/wp-content\/uploads\/2025\/12\/Blog-pic-1-300x192.png\" class=\"attachment-medium size-medium wp-image-840\" alt=\"Vogel auf W\u00e4scheleine\" srcset=\"https:\/\/soilsisters.group\/wp-content\/uploads\/2025\/12\/Blog-pic-1-300x192.png 300w, https:\/\/soilsisters.group\/wp-content\/uploads\/2025\/12\/Blog-pic-1-768x491.png 768w, https:\/\/soilsisters.group\/wp-content\/uploads\/2025\/12\/Blog-pic-1-18x12.png 18w, https:\/\/soilsisters.group\/wp-content\/uploads\/2025\/12\/Blog-pic-1.png 908w\" sizes=\"(max-width: 300px) 100vw, 300px\" \/><\/div>\n\t\t<\/a>\n\t\t\t\t<div class=\"elementor-post__text\">\n\t\t\t\t<h3 class=\"elementor-post__title\">\n\t\t\t<a href=\"https:\/\/soilsisters.group\/en\/bald-schoen-und-bunt-ja-das-geht-ueber-potenzial-des-regenerativer-naturfaseranbaus\/\" >\n\t\t\t\tBeautiful and colourful soon? Yes, it\u2019s possible! On the potential of sustainable natural fibre cultivation\t\t\t<\/a>\n\t\t<\/h3>\n\t\t\t\t<div class=\"elementor-post__meta-data\">\n\t\t\t\t\t<span class=\"elementor-post-author\">\n\t\t\tRegina Kallfelz\t\t<\/span>\n\t\t\t\t<span class=\"elementor-post-date\">\n\t\t\tDecember 24, 2025\t\t<\/span>\n\t\t\t\t<\/div>\n\t\t\t\t<div class=\"elementor-post__excerpt\">\n\t\t\t<p>Global textile production means beautiful clothes at a high cost to the environment and the people who make them. But there is another way: regenerative agriculture has now been adopted in the cultivation of natural fibres<\/p>\n\t\t<\/div>\n\t\t\n\t\t<a class=\"elementor-post__read-more\" href=\"https:\/\/soilsisters.group\/en\/bald-schoen-und-bunt-ja-das-geht-ueber-potenzial-des-regenerativer-naturfaseranbaus\/\" aria-label=\"Read more about Bald sch\u00f6n und bunt? Ja das geht! \u00dcber das Potenzial des regenerativen Naturfaseranbaus\" tabindex=\"-1\" >\n\t\t\tRead more\t\t<\/a>\n\n\t\t\t\t<\/div>\n\t\t\t\t<\/article>\n\t\t\t\t<article class=\"elementor-post elementor-grid-item post-834 post type-post status-publish format-standard has-post-thumbnail hentry category-uncategorized\" role=\"listitem\">\n\t\t\t\t<a class=\"elementor-post__thumbnail__link\" href=\"https:\/\/soilsisters.group\/en\/wie-frauen-die-mode-und-beautyindustrie-praegen-stimmen-aus-allen-ebenen-der-wertschoepfungskette\/\" tabindex=\"-1\" >\n\t\t\t<div class=\"elementor-post__thumbnail\"><img decoding=\"async\" width=\"300\" height=\"200\" src=\"https:\/\/soilsisters.group\/wp-content\/uploads\/2025\/12\/JW_SOILSISTERS-03212-300x200.jpg\" class=\"attachment-medium size-medium wp-image-320\" alt=\"Wie Frauen die Mode- und Beautyindustrie pr\u00e4gen\" srcset=\"https:\/\/soilsisters.group\/wp-content\/uploads\/2025\/12\/JW_SOILSISTERS-03212-300x200.jpg 300w, https:\/\/soilsisters.group\/wp-content\/uploads\/2025\/12\/JW_SOILSISTERS-03212-1024x683.jpg 1024w, https:\/\/soilsisters.group\/wp-content\/uploads\/2025\/12\/JW_SOILSISTERS-03212-768x512.jpg 768w, https:\/\/soilsisters.group\/wp-content\/uploads\/2025\/12\/JW_SOILSISTERS-03212-1536x1024.jpg 1536w, https:\/\/soilsisters.group\/wp-content\/uploads\/2025\/12\/JW_SOILSISTERS-03212-2048x1365.jpg 2048w\" sizes=\"(max-width: 300px) 100vw, 300px\" \/><\/div>\n\t\t<\/a>\n\t\t\t\t<div class=\"elementor-post__text\">\n\t\t\t\t<h3 class=\"elementor-post__title\">\n\t\t\t<a href=\"https:\/\/soilsisters.group\/en\/wie-frauen-die-mode-und-beautyindustrie-praegen-stimmen-aus-allen-ebenen-der-wertschoepfungskette\/\" >\n\t\t\t\tHow women are shaping the fashion and beauty industry \u2013 perspectives from across the value chain\t\t\t<\/a>\n\t\t<\/h3>\n\t\t\t\t<div class=\"elementor-post__meta-data\">\n\t\t\t\t\t<span class=\"elementor-post-author\">\n\t\t\tMiriam Farsi\t\t<\/span>\n\t\t\t\t<span class=\"elementor-post-date\">\n\t\t\tDecember 24, 2025\t\t<\/span>\n\t\t\t\t<\/div>\n\t\t\t\t<div class=\"elementor-post__excerpt\">\n\t\t\t<p>Whilst discussions about overproduction, fast fashion and superficial trends often take centre stage, many women across the value chain tell a different, more profound story: one of change, responsibility and structural transformation.<\/p>\n\t\t<\/div>\n\t\t\n\t\t<a class=\"elementor-post__read-more\" href=\"https:\/\/soilsisters.group\/en\/wie-frauen-die-mode-und-beautyindustrie-praegen-stimmen-aus-allen-ebenen-der-wertschoepfungskette\/\" aria-label=\"Read more about Wie Frauen die Mode- und Beautyindustrie pr\u00e4gen \u2013 Stimmen aus allen Ebenen der Wertsch\u00f6pfungskette\" tabindex=\"-1\" >\n\t\t\tRead more\t\t<\/a>\n\n\t\t\t\t<\/div>\n\t\t\t\t<\/article>\n\t\t\t\t<\/div>\n\t\t\n\t\t\t\t\t\t<\/div>\n\t\t\t\t<\/div>\n\t\t\t\t\t<\/div>\n\t\t\t\t<\/div>\n\t\t\t\t<\/div>","protected":false},"excerpt":{"rendered":"<p>Unser Blog Wilkommen auf unserem Blog. Entdecke was uns umtreibt, von Baumwollfeldern, Biocharprojekten &amp; Sisterhood!<\/p>","protected":false},"author":1,"featured_media":922,"parent":0,"menu_order":0,"comment_status":"closed","ping_status":"closed","template":"","meta":{"site-sidebar-layout":"no-sidebar","site-content-layout":"","ast-site-content-layout":"full-width-container","site-content-style":"default","site-sidebar-style":"default","ast-global-header-display":"","ast-banner-title-visibility":"","ast-main-header-display":"","ast-hfb-above-header-display":"","ast-hfb-below-header-display":"","ast-hfb-mobile-header-display":"","site-post-title":"disabled","ast-breadcrumbs-content":"","ast-featured-img":"disabled","footer-sml-layout":"","ast-disable-related-posts":"","theme-transparent-header-meta":"","adv-header-id-meta":"","stick-header-meta":"","header-above-stick-meta":"","header-main-stick-meta":"","header-below-stick-meta":"","astra-migrate-meta-layouts":"default","ast-page-background-enabled":"default","ast-page-background-meta":{"desktop":{"background-color":"var(--ast-global-color-5)","background-image":"","background-repeat":"repeat","background-position":"center center","background-size":"auto","background-attachment":"scroll","background-type":"","background-media":"","overlay-type":"","overlay-color":"","overlay-opacity":"","overlay-gradient":""},"tablet":{"background-color":"","background-image":"","background-repeat":"repeat","background-position":"center center","background-size":"auto","background-attachment":"scroll","background-type":"","background-media":"","overlay-type":"","overlay-color":"","overlay-opacity":"","overlay-gradient":""},"mobile":{"background-color":"","background-image":"","background-repeat":"repeat","background-position":"center center","background-size":"auto","background-attachment":"scroll","background-type":"","background-media":"","overlay-type":"","overlay-color":"","overlay-opacity":"","overlay-gradient":""}},"ast-content-background-meta":{"desktop":{"background-color":"var(--ast-global-color-4)","background-image":"","background-repeat":"repeat","background-position":"center center","background-size":"auto","background-attachment":"scroll","background-type":"","background-media":"","overlay-type":"","overlay-color":"","overlay-opacity":"","overlay-gradient":""},"tablet":{"background-color":"var(--ast-global-color-4)","background-image":"","background-repeat":"repeat","background-position":"center center","background-size":"auto","background-attachment":"scroll","background-type":"","background-media":"","overlay-type":"","overlay-color":"","overlay-opacity":"","overlay-gradient":""},"mobile":{"background-color":"var(--ast-global-color-4)","background-image":"","background-repeat":"repeat","background-position":"center center","background-size":"auto","background-attachment":"scroll","background-type":"","background-media":"","overlay-type":"","overlay-color":"","overlay-opacity":"","overlay-gradient":""}},"footnotes":""},"class_list":["post-448","page","type-page","status-publish","has-post-thumbnail","hentry"],"aioseo_notices":[],"_links":{"self":[{"href":"https:\/\/soilsisters.group\/en\/wp-json\/wp\/v2\/pages\/448","targetHints":{"allow":["GET"]}}],"collection":[{"href":"https:\/\/soilsisters.group\/en\/wp-json\/wp\/v2\/pages"}],"about":[{"href":"https:\/\/soilsisters.group\/en\/wp-json\/wp\/v2\/types\/page"}],"author":[{"embeddable":true,"href":"https:\/\/soilsisters.group\/en\/wp-json\/wp\/v2\/users\/1"}],"replies":[{"embeddable":true,"href":"https:\/\/soilsisters.group\/en\/wp-json\/wp\/v2\/comments?post=448"}],"version-history":[{"count":22,"href":"https:\/\/soilsisters.group\/en\/wp-json\/wp\/v2\/pages\/448\/revisions"}],"predecessor-version":[{"id":859,"href":"https:\/\/soilsisters.group\/en\/wp-json\/wp\/v2\/pages\/448\/revisions\/859"}],"wp:featuredmedia":[{"embeddable":true,"href":"https:\/\/soilsisters.group\/en\/wp-json\/wp\/v2\/media\/922"}],"wp:attachment":[{"href":"https:\/\/soilsisters.group\/en\/wp-json\/wp\/v2\/media?parent=448"}],"curies":[{"name":"wp","href":"https:\/\/api.w.org\/{rel}","templated":true}]}}